{"id":473,"date":"2021-09-30T13:36:20","date_gmt":"2021-09-30T13:36:20","guid":{"rendered":"https:\/\/kunja.de\/kafountine\/?page_id=473"},"modified":"2021-11-05T16:34:53","modified_gmt":"2021-11-05T16:34:53","slug":"ueber-uns","status":"publish","type":"page","link":"https:\/\/kunja.de\/kafountine\/ueber-uns\/","title":{"rendered":"\u00dcber uns"},"content":{"rendered":"\n<h2 class=\"wp-block-heading\">Wie alles begann &#8211;  Neugierde auf neue Kulturkreise, Musik und Leben <\/h2>\n\n\n\n<p><br>Es war einfach Reiselust, die eine kleine Gruppe um Arnim Cramer bevorzugt nach West- und Ostafrika f\u00fchrte. Interesse an Land und Neugierde auf neue Kulturkreise, Musik und Leben kennenlernen- aber nicht aus der Sicht der Hotelg\u00e4ste und Reisebusinsassen.<\/p>\n\n\n\n<p>Sie nahmen den Rucksack und bewegten sich stets mit den landes\u00fcblichen Verkehrsmitteln, meist Sammeltaxen oder Busse, von Ort zu Ort. Nur so landet man immer mitten in den D\u00f6rfern und Kleinst\u00e4dten, und damit bei den Menschen. So werden Kontakte \u00fcberhaupt erst m\u00f6glich, oder zumindest erleichtert. Sie landeten auch einmal in Kafountine, dem kleinen K\u00fcstenort im S\u00fcden des Senegal, in der Provinz Casamance. <\/p>\n\n\n\n<div style=\"height:47px\" aria-hidden=\"true\" class=\"wp-block-spacer\"><\/div>\n\n\n\n<div class=\"wp-block-cover has-parallax coverbreit\" style=\"background-image:url(https:\/\/kunja.de\/kafountine\/wp-content\/uploads\/2021\/11\/2009_0331rennbahn20013.jpg);min-height:300px;aspect-ratio:unset;\"><div class=\"wp-block-cover__inner-container is-layout-flow wp-block-cover-is-layout-flow\">\n<p class=\"has-text-align-center has-large-font-size\"><\/p>\n<\/div><\/div>\n\n\n\n<div style=\"height:49px\" aria-hidden=\"true\" class=\"wp-block-spacer\"><\/div>\n\n\n\n<p>Der Erstkontakt war so nachhaltig, das sie wieder kamen &#8211; nicht wegen der Urlaubskulisse. Die gibt es wie aus dem Katalog mit endlosen Str\u00e4nden, Palmen und ganzj\u00e4hrigen Sommertemperaturen. Sie fanden einen Platz, wo aus Bekanntschaften Freundschaften entstanden, wo sie das gegenseitige Verst\u00e4ndnis vertiefen wollten. Dabei stets im Hinterkopf: Afrika ist der Kontinent mit den gr\u00f6\u00dften wirtschaftlichen und &#8211; daraus resultierend &#8211; sozialen Problemen. Das f\u00f6rderte die Idee zu privater Hilfe, im Kleinen, was oft gering gesch\u00e4tzt wird, aber konkret hilft. Und sie wollen helfen!<\/p>\n\n\n\n<p>Die ersten Zweier- und Dreier-Reisegruppen erweiterten sich im Laufe der Jahre. Denn Arnim Kramer hatte die Idee zu einem Campement. Es sollte Kunja hei\u00dfen\u2026<\/p>\n\n\n\n<p>Hier k\u00f6nnen Sie lesen, wie es weiterging:<\/p>\n\n\n\n<ul class=\"wp-block-list\"><li><a href=\"https:\/\/kunja.de\/kafountine\/campement-kunja\/\">Campement Kunja<\/a><\/li><li><a href=\"https:\/\/kunja.de\/kafountine\/unsere-partnerregion\/\">Unsere Partnerregion<\/a><\/li><li><a href=\"https:\/\/kunja.de\/kafountine\/bewegte-bilder\/\">Bewegte Bilder<\/a><\/li><\/ul>\n\n\n\n<div style=\"height:100px\" aria-hidden=\"true\" class=\"wp-block-spacer\"><\/div>\n","protected":false},"excerpt":{"rendered":"<p>Wie alles begann &#8211; Neugierde auf neue Kulturkreise, Musik und Leben Es war einfach Reiselust, die eine kleine Gruppe um Arnim Cramer bevorzugt nach West- und Ostafrika f\u00fchrte. Interesse an Land und Neugierde auf neue Kulturkreise, Musik und Leben kennenlernen- aber nicht aus der Sicht der Hotelg\u00e4ste und Reisebusinsassen. Sie nahmen den Rucksack und bewegten [&hellip;]<\/p>\n","protected":false},"author":1,"featured_media":0,"parent":0,"menu_order":0,"comment_status":"closed","ping_status":"closed","template":"","meta":{"footnotes":""},"tags":[],"class_list":["post-473","page","type-page","status-publish","hentry"],"_links":{"self":[{"href":"https:\/\/kunja.de\/kafountine\/wp-json\/wp\/v2\/pages\/473","targetHints":{"allow":["GET"]}}],"collection":[{"href":"https:\/\/kunja.de\/kafountine\/wp-json\/wp\/v2\/pages"}],"about":[{"href":"https:\/\/kunja.de\/kafountine\/wp-json\/wp\/v2\/types\/page"}],"author":[{"embeddable":true,"href":"https:\/\/kunja.de\/kafountine\/wp-json\/wp\/v2\/users\/1"}],"replies":[{"embeddable":true,"href":"https:\/\/kunja.de\/kafountine\/wp-json\/wp\/v2\/comments?post=473"}],"version-history":[{"count":4,"href":"https:\/\/kunja.de\/kafountine\/wp-json\/wp\/v2\/pages\/473\/revisions"}],"predecessor-version":[{"id":808,"href":"https:\/\/kunja.de\/kafountine\/wp-json\/wp\/v2\/pages\/473\/revisions\/808"}],"wp:attachment":[{"href":"https:\/\/kunja.de\/kafountine\/wp-json\/wp\/v2\/media?parent=473"}],"wp:term":[{"taxonomy":"post_tag","embeddable":true,"href":"https:\/\/kunja.de\/kafountine\/wp-json\/wp\/v2\/tags?post=473"}],"curies":[{"name":"wp","href":"https:\/\/api.w.org\/{rel}","templated":true}]}}