{"id":489,"date":"2021-10-04T12:32:51","date_gmt":"2021-10-04T12:32:51","guid":{"rendered":"https:\/\/kunja.de\/kafountine\/?page_id=489"},"modified":"2021-11-02T13:05:43","modified_gmt":"2021-11-02T13:05:43","slug":"haftungsausschluss-2","status":"publish","type":"page","link":"https:\/\/kunja.de\/kafountine\/kontakt\/haftungsausschluss-2\/","title":{"rendered":"Haftungsausschluss"},"content":{"rendered":"\n<p><strong>Haftungsausschluss<\/strong><br>Alle Informationen und Erkl\u00e4rungen dieser Internetseiten sind unverbindlich. Der F\u00f6rderverein Partnerschaft C.R. Kafountine \u00fcbernimmt weder f\u00fcr die Richtigkeit und noch f\u00fcr die Vollst\u00e4ndigkeit der Inhalte eine Gew\u00e4hr. Ebenso wenig \u00fcbernimmt sie Garantien oder sichert Eigenschaften zu. Aus den Inhalten der Internetseiten ergeben sich keine Rechtsanspr\u00fcche. Inhaltliche Fehler werden wir bei Kenntnis dar\u00fcber unverz\u00fcglich korrigieren. Es kann sein, dass bestimmte Inhalte der Internetseiten durch zeitverz\u00f6gerte Aktualisierungen nicht permanent aktuell sind. Bitte fragen Sie daher bei Zweifeln zu dem Stand, technischen Details und Lieferbarkeit von Informationen, Produkten und Dienstleistungen nach.<br>Der F\u00f6rderverein Partnerschaft C.R. Kafountine haftet auch nicht f\u00fcr Sch\u00e4den \u2013 insbesondere nicht f\u00fcr unmittelbare oder mittelbare Folgesch\u00e4den, Datenverlust, entgangenen Gewinn, System- oder Produktionsausf\u00e4lle \u2013 die durch die Nutzung dieser Internetseiten oder das Herunterladen von Daten entstehen. Liegen jedoch Vorsatz oder grobe Fahrl\u00e4ssigkeit vor, gilt der Haftungsausschluss nicht. Die durch die Nutzung der Internetseiten entstandene Rechtsbeziehung zwischen Ihnen und dem F\u00f6rderverein Partnerschaft C.R. Kafountine unterliegt dem Recht der Bundesrepublik Deutschland. Bei Rechtsstreitigkeiten mit Vollkaufleuten, die aus der Nutzung dieser Internetseiten resultieren, gilt der Gerichtsstand der Stadt R\u00fcsselsheim am Main.<\/p>\n\n\n\n<p><strong>Haftung f\u00fcr heruntergeladene Daten und Software<\/strong><br>Der F\u00f6rderverein Partnerschaft C.R. Kafountine \u00fcbernimmt keine Gew\u00e4hr f\u00fcr die Fehlerfreiheit von Daten und Software, die Sie von diesen Internetseiten herunterladen k\u00f6nnen. Die Software wird von uns auf Virenbefall \u00fcberpr\u00fcft. Dennoch empfehlen wir, dass Sie heruntergeladene Daten und Software selbst mit aktueller Virensuchsoftware pr\u00fcfen.<\/p>\n\n\n\n<p><strong>Haftung f\u00fcr Links<\/strong><br>Diese Internetseite enth\u00e4lt Links zu externen Internetseiten Dritter. Auf deren Inhalte haben wir keinen Einfluss, so dass der F\u00f6rderverein Partnerschaft C.R. Kafountine f\u00fcr diese fremden Inhalte keine Gew\u00e4hr \u00fcbernimmt. F\u00fcr die Inhalte der verlinkten Seiten ist immer der jeweilige Anbieter oder Betreiber der Seiten verantwortlich. Die zu verlinkenden Seiten \u00fcberpr\u00fcfen wir zum Zeitpunkt der geplanten Verlinkung auf m\u00f6gliche Rechtsverst\u00f6\u00dfe. Sofern wir rechtswidrige Inhalte zum Zeitpunkt der Verlinkung nicht offensichtlich erkennen, verlinken wir diese Seiten. Eine kontinuierliche inhaltliche Kontrolle der verlinkten Seiten ist uns jedoch ohne konkrete Anhaltspunkte einer Rechtsverletzung nicht zumutbar. Bei Bekanntwerden von Rechtsverletzungen werden wir derartige Links umgehend entfernen.<\/p>\n\n\n\n<p><strong>Urheberrechte und sonstige Sonderschutzrechte<\/strong><br>Der Inhalt dieser Internetseiten ist urheberrechtlich gesch\u00fctzt. F\u00fcr den nicht-kommerziellen und pers\u00f6nlichen internen Gebrauch d\u00fcrfen Sie eine Kopie der Informationen der Internetseiten speichern. Bilder, Logos, Grafiken, Texte usw. d\u00fcrfen nur nach schriftlicher Genehmigung durch den F\u00f6rderverein Partnerschaft C.R. Kafountine heruntergeladen, vervielf\u00e4ltigt, kopiert, ge\u00e4ndert, ver\u00f6ffentlicht, versendet, \u00fcbertragen oder in sonstiger Form genutzt werden. Bei Produkt- und Firmennamen kann es sich um eingetragene Warenzeichen oder Marken handeln. Die unberechtigte Verwendung kann zu Schadensersatzanspr\u00fcchen und Unterlassungsanspr\u00fcchen f\u00fchren. Soweit die Inhalte auf dieser Seite nicht von uns erstellt wurden, m\u00fcssen wir und Sie die Urheberrechte Dritter beachten. Soweit uns bekannt kennzeichnen wir Inhalte Dritter als solche. Sollten Sie trotzdem auf eine Urheberrechtsverletzung aufmerksam werden, bitten wir um einen entsprechenden Hinweis. Bei Bekanntwerden von Rechtsverletzungen entfernen wir derartige Inhalte unverz\u00fcglich.<\/p>\n\n\n\n<div style=\"height:100px\" aria-hidden=\"true\" class=\"wp-block-spacer\"><\/div>\n","protected":false},"excerpt":{"rendered":"<p>HaftungsausschlussAlle Informationen und Erkl\u00e4rungen dieser Internetseiten sind unverbindlich. Der F\u00f6rderverein Partnerschaft C.R. Kafountine \u00fcbernimmt weder f\u00fcr die Richtigkeit und noch f\u00fcr die Vollst\u00e4ndigkeit der Inhalte eine Gew\u00e4hr. Ebenso wenig \u00fcbernimmt sie Garantien oder sichert Eigenschaften zu. Aus den Inhalten der Internetseiten ergeben sich keine Rechtsanspr\u00fcche. Inhaltliche Fehler werden wir bei Kenntnis dar\u00fcber unverz\u00fcglich korrigieren. Es [&hellip;]<\/p>\n","protected":false},"author":1,"featured_media":0,"parent":498,"menu_order":0,"comment_status":"closed","ping_status":"closed","template":"","meta":{"footnotes":""},"tags":[],"class_list":["post-489","page","type-page","status-publish","hentry"],"_links":{"self":[{"href":"https:\/\/kunja.de\/kafountine\/wp-json\/wp\/v2\/pages\/489","targetHints":{"allow":["GET"]}}],"collection":[{"href":"https:\/\/kunja.de\/kafountine\/wp-json\/wp\/v2\/pages"}],"about":[{"href":"https:\/\/kunja.de\/kafountine\/wp-json\/wp\/v2\/types\/page"}],"author":[{"embeddable":true,"href":"https:\/\/kunja.de\/kafountine\/wp-json\/wp\/v2\/users\/1"}],"replies":[{"embeddable":true,"href":"https:\/\/kunja.de\/kafountine\/wp-json\/wp\/v2\/comments?post=489"}],"version-history":[{"count":0,"href":"https:\/\/kunja.de\/kafountine\/wp-json\/wp\/v2\/pages\/489\/revisions"}],"up":[{"embeddable":true,"href":"https:\/\/kunja.de\/kafountine\/wp-json\/wp\/v2\/pages\/498"}],"wp:attachment":[{"href":"https:\/\/kunja.de\/kafountine\/wp-json\/wp\/v2\/media?parent=489"}],"wp:term":[{"taxonomy":"post_tag","embeddable":true,"href":"https:\/\/kunja.de\/kafountine\/wp-json\/wp\/v2\/tags?post=489"}],"curies":[{"name":"wp","href":"https:\/\/api.w.org\/{rel}","templated":true}]}}