{"id":502,"date":"2021-10-04T12:41:05","date_gmt":"2021-10-04T12:41:05","guid":{"rendered":"https:\/\/kunja.de\/kafountine\/?page_id=502"},"modified":"2021-11-02T12:43:20","modified_gmt":"2021-11-02T12:43:20","slug":"datenschutz","status":"publish","type":"page","link":"https:\/\/kunja.de\/kafountine\/kontakt\/datenschutz\/","title":{"rendered":"Datenschutz"},"content":{"rendered":"\n<p><strong>Erl\u00e4uterungen zum Datenschutz<\/strong><br>F\u00fcr den F\u00f6rderverein Partnerschaft C.R. Kafountine ist der Datenschutz sehr wichtig. In der Gestaltung unserer Internetangebote und des Newsletters richten wir uns nach den Gesetzen. Wir m\u00f6chten Sie an dieser Stelle dar\u00fcber informieren, welche Daten w\u00e4hrend des Besuchs der Internetseite zu welchen Zwecken erhoben werden. Die Daten der Nutzerinnen und Nutzer der Internetseite werden in Bezug auf die EU-Datenschutzgrundverordnung (EU-DSGVO), das Bundesdatenschutzgesetz (BDSG), das Hessische Datenschutz- und Informationsgesetz (HDSIG) und das Telemediengesetz (TMG) gesch\u00fctzt.<\/p>\n\n\n\n<p>Grunds\u00e4tzlich werden bei einem Besuch der Website keine personenbezogenen Daten erhoben, verarbeitet oder genutzt. In einzelnen F\u00e4llen ist jedoch die Eingabe Ihres Namens, Ihrer Anschrift oder sonstiger pers\u00f6nlicher Daten erforderlich, beispielsweise um eine Korrespondenz zu erm\u00f6glichen oder eine Bestellung auszuf\u00fchren. Diese Daten m\u00fcssen Sie selbst und freiwillig in ein entsprechendes Formular eintragen, sofern dieses Angebot besteht. Mit diesen Daten gehen wir nach den strengen Regelungen der EU-Datenschutzgrundverordnung (EU-DSGVO), des Bundesdatenschutzgesetzes (BDSG) und des Hessischen Datenschutz- und Informationsgesetzes (HDSIG) sorgf\u00e4ltig um.<\/p>\n\n\n\n<p>Ihre personenbezogenen Daten, die Sie uns f\u00fcr eine Korrespondenz oder zur Abwicklung Ihres Anliegens \u00fcbermittelt haben, werden nur solange gespeichert, wie dies f\u00fcr die Abwicklung erforderlich ist. Eine \u00dcbermittlung Ihrer Daten an Dritte findet nicht statt, es sei denn, der F\u00f6rderverein Partnerschaft C.R. Kafountine ist dazu gesetzlich verpflichtet.<\/p>\n\n\n\n<p>Sollten wir im Rahmen der Auftragsdatenverarbeitung Daten an Dienstleister weitergeben, so sind wir an die EU-DSGVO, das HDSIG, andere gesetzliche Vorschriften und vertraglich an die Datenschutzrichtlinien des F\u00f6rderverein Partnerschaft C.R. Kafountine gebunden. Soweit der F\u00f6rderverein Partnerschaft C.R. Kafountine gesetzlich oder per Gerichtsbeschluss dazu verpflichtet ist, werden wir Ihre Daten im geforderten Umfang an auskunftsberechtigte Stellen \u00fcbermitteln. F\u00fcr andere Zwecke gibt der F\u00f6rderverein Partnerschaft C.R. Kafountine Ihre Daten nicht ohne Ihr ausdr\u00fcckliches Einverst\u00e4ndnis an Dritte weiter.<\/p>\n\n\n\n<p><strong>Protokoll- und Statistikdaten<\/strong><br>Beim jedem Zugriff auf die Website und bei jedem Abruf einer Datei, beispielsweise eines PDFs, werden Datum und Uhrzeit des Besuchs, die URL der Website \u00fcber die die Benutzerin oder der Benutzer zur aktuellen Webseite beziehungsweise Datei gekommen ist (Referrer), die teilanonymisierte IP-Adresse , der Statuscode des Webservers und der verwendete Webbrowser (User-Agent) in einer Protokolldatei gespeichert.<br>Diese Daten werden automatisiert erhoben. Sie sind nicht personenbezogen, eine Identifizierung der Nutzerinnen und Nutzer der Internetseite ist nicht m\u00f6glich.<\/p>\n\n\n\n<p>Die Daten werden ausschlie\u00dflich zum Zweck der Datensicherheit und der Fehleranalyse verwendet. Die Daten werden nicht an Dritte weitergegeben.<br>Die Protokolldaten werden bei dem vom F\u00f6rderverein Partnerschaft C.R. Kafountine beauftragten Provider gespeichert und nach 90 Tagen gel\u00f6scht. Der Zugriff darauf ist nur wenigen, vom F\u00f6rderverein Partnerschaft C.R. Kafountine befugten Personen m\u00f6glich, die mit der technischen, kaufm\u00e4nnischen oder redaktionellen Betreuung dieser Server befasst sind.<\/p>\n\n\n\n<p><strong>Einsatz von Cookies<\/strong><br>Unsere Webseiten verwenden so genannte Cookies. Darin sammeln wir w\u00e4hrend Ihres Online-Besuchs Nutzungsinformationen, die Ihr Browser in einer speziellen Datei im ASCII-Format (cookie.txt) auf Ihrer Festplatte abspeichert. Cookies richten auf Ihrem Rechner keinen Schaden an und enthalten keine Viren. Daf\u00fcr helfen sie uns, das Angebot besser und sicherer zu machen.<\/p>\n\n\n\n<p>Cookies k\u00f6nnen jeweils nur von dem Server, der sie vorher auch abgelegt hat, gelesen werden. Der F\u00f6rderverein Partnerschaft C.R. Kafountine setzt Cookies nur dann ein, wenn sie f\u00fcr Benutzerfunktionen dringend erforderlich sind beziehungsweise die Navigation der Websites erleichtern. Die Informationen stellen wir keinem Dritten zur Verf\u00fcgung, da Cookies nur f\u00fcr die oben genannten Zwecke verwendet werden.<\/p>\n\n\n\n<p>Die meisten Browser sind so eingestellt, dass sie Cookies automatisch akzeptieren. Diese Funktion k\u00f6nnen Sie jedoch jederzeit im Browser deaktivieren. Sie k\u00f6nnen Ihren Browser so einstellen, dass er Sie benachrichtigt, sobald Cookies gesendet werden. Weitere Einstellungen im Browser, wie beispielsweise auch das automatische L\u00f6schen von Cookies beim Beenden des Browsers, sind jederzeit m\u00f6glich. Wenn Sie allerdings Cookies (generell) deaktivieren, kann das Ihre Nutzung dieser Website einschr\u00e4nken.<\/p>\n\n\n\n<p><strong>Datensicherheit<\/strong><br>Der F\u00f6rderverein Partnerschaft C.R. Kafountine bedient sich f\u00fcr die Datenspeicherung besonders gesch\u00fctzter Server. Der Zugriff darauf ist nur wenigen, vom F\u00f6rderverein Partnerschaft C.R. Kafountine befugten Personen m\u00f6glich, die mit der technischen, kaufm\u00e4nnischen oder redaktionellen Betreuung dieser Server befasst sind.<\/p>\n\n\n\n<p>Die Daten\u00fcbertragung erfolgt, sofern zum jetzigen Zeitpunkt technisch durch unseren Provider umsetzbar, auf https-Standard und \u00fcber SSL-verschl\u00fcsselte Verbindungen.<\/p>\n\n\n\n<p><strong>Auf der Website eingebundene Angebote von Partnern<\/strong><br>In den Internetauftritt des F\u00f6rderverein Partnerschaft C.R. Kafountine sind Dienste anderer Anbieter eingebunden. Ebenso gibt es Seiten, auf die mit einem externen Link verwiesen wird. F\u00fcr die Umsetzung der datenschutzrechtlichen Bestimmungen auf diesen Seiten sind die jeweiligen Anbieter zust\u00e4ndig. Wir k\u00f6nnen nicht ausschlie\u00dfen, dass bei der Nutzung Cookies zum Einsatz kommen. Hierauf haben wir keinen Einfluss. Zu den datenschutzrechtlichen Bestimmungen und der Verwendung solcher Cookies sowie zur Erfassung und Verarbeitung von Daten durch diese Anbieter sehen Sie bitte deren Datenschutzerkl\u00e4rungen ein.<\/p>\n\n\n\n<p><strong>Kontaktformulare<\/strong><br>Personenbezogene Daten (beispielsweise Vor- und Nachname, die E-Mail-Adresse oder die Telefonnummer) werden von uns erfasst, wenn Sie sie selbst und freiwillig in einem Kontaktformular eingeben. Die auf diesem Weg \u00fcbermittelten Daten verwenden wir ausschlie\u00dflich f\u00fcr den Zweck, zu dem Sie uns diese Daten zur Verf\u00fcgung stellen. Sie willigen au\u00dferdem ein, dass wir Sie zur Bearbeitung Ihres Anliegens gegebenenfalls \u00fcber diesen Kommunikationskanal kontaktieren d\u00fcrfen. Eine weitere Verwendung sowie Speicherung der Daten oder eine \u00dcbermittlung an Dritte findet nicht statt.<\/p>\n\n\n\n<p><strong>Recht auf Widerruf<\/strong><br>Sie k\u00f6nnen den F\u00f6rderverein Partnerschaft C.R. Kafountine auffordern, unentgeltliche Auskunft \u00fcber Ihre gespeicherten personenbezogenen Daten zu erteilen. Ebenso k\u00f6nnen Sie uns jederzeit dazu auffordern, diese Daten nicht f\u00fcr die weitere Kontaktaufnahme zu verwenden und\/oder zu l\u00f6schen. In beiden F\u00e4llen werden wir diesem Wunsch umgehend entsprechen. Daten, die f\u00fcr eine Auftragsabwicklung beziehungsweise zu kaufm\u00e4nnischen Zwecken zwingend erforderlich sind, sind von einer K\u00fcndigung beziehungsweise von einer L\u00f6schung nicht ber\u00fchrt.<\/p>\n\n\n\n<p>Bitte haben Sie Verst\u00e4ndnis daf\u00fcr, dass wir im Falle des Widerrufs jeden personalisierten Service nicht mehr erbringen k\u00f6nnen, da er auf der Verwendung der Kundendaten aufbaut.<br>Sie haben das Recht auf:<\/p>\n\n\n\n<p>Auskunft \u2013 Sie haben das Recht auf Auskunft \u00fcber die zu Ihnen gespeicherten personenbezogenen Daten.<br>L\u00f6schung \u2013 Sie haben das Recht darauf, dass wir Ihre Daten l\u00f6schen, wenn diese nicht mehr gespeichert werden m\u00fcssen.<br>Berichtigung \u2013 Sie haben ein Recht auf Korrektur Ihrer personenbezogenen Daten, sollten wir diese unrichtig gespeichert haben.<\/p>\n\n\n\n<p><strong>Widerspruch und Widerruf<\/strong><br>Sie k\u00f6nnen Ihre uns freiwillig zur Abwicklung Ihres Anliegens \u00fcbermittelten Daten jederzeit widerrufen. Bitte beachten Sie, dass eine Bearbeitung dann gegebenenfalls nicht mehr m\u00f6glich ist.<\/p>\n\n\n\n<p><strong>Google Maps<\/strong><br>Diese Webseite nutzt Google Maps zur Darstellung interaktiver Karten und zur Erstellung von Anfahrtsbeschreibungen. Google Maps ist ein Kartendienst von Google Inc., 1600 Amphitheatre Parkway, Mountain View, California 94043, USA. Durch die Nutzung von Google Maps k\u00f6nnen Informationen \u00fcber die Benutzung dieser Website einschlie\u00dflich Ihrer IP-Adresse und der im Rahmen der Routenplanerfunktion eingegebenen (Start-) Adresse an Google in den USA \u00fcbertragen werden. Wenn Sie eine Webseite unseres Internetauftritts aufrufen, die Google Maps enth\u00e4lt, baut Ihr Browser eine direkte Verbindung mit den Servern von Google auf. Der Karteninhalt wird von Google direkt an Ihren Browser \u00fcbermittelt und von diesem in die Webseite eingebunden. Daher haben wir keinen Einfluss auf den Umfang der auf diese Weise von Google erhobenen Daten. Entsprechend unserem Kenntnisstand sind dies zumindest folgende Daten:<\/p>\n\n\n\n<p>Datum und Uhrzeit des Besuchs auf der betreffenden Webseite,<br>Internetadresse oder URL der aufgerufenen Webseite,<br>IP-Adresse, im Rahmen der Routenplanung eingegebene (Start-)Anschrift.<br>Auf die weitere Verarbeitung und Nutzung der Daten durch Google haben wir keinen Einfluss und k\u00f6nnen daher hierf\u00fcr keine Verantwortung \u00fcbernehmen.<br>Wenn Sie nicht m\u00f6chten, dass Google \u00fcber unseren Internetauftritt Daten \u00fcber Sie erhebt, verarbeitet oder nutzt, k\u00f6nnen Sie in Ihrem Browsereinstellungen JavaScript deaktivieren. In diesem Fall k\u00f6nnen Sie die Kartenanzeige jedoch nicht nutzen.<br>Zweck und Umfang der Datenerhebung und die weitere Verarbeitung und Nutzung der Daten durch Google sowie Ihre diesbez\u00fcglichen Rechte und Einstellungsm\u00f6glichkeiten zum Schutz Ihrer Privatsph\u00e4re entnehmen Sie bitte den Datenschutzhinweisen von Google (https:\/\/policies.google.com\/privacy?hl=de).<br>Durch die Nutzung unserer Webseite erkl\u00e4ren Sie sich mit der Bearbeitung der \u00fcber Sie erhobenen Daten durch Google Maps Routenplaner in der zuvor beschriebenen Art und Weise und zu dem zuvor benannten Zweck einverstanden.<\/p>\n\n\n\n<p><strong>Weitere Auskunft<\/strong><br>Sollten Sie weitere Fragen zum Datenschutz haben, k\u00f6nnen Sie gern Kontakt mit uns aufnehmen. Konkrete Fragen zur Internetseite k\u00f6nnen Sie an die verantwortliche Stelle richten unter info@kafountine.net.<br>Wenn Sie annehmen, bei der Verarbeitung Ihrer personenbezogener Daten in Ihren Rechten verletzt worden zu sein, k\u00f6nnen sich auch an den Hessischen Datenschutzbeauftragten wenden unter<br>poststelle(at)datenschutz.hessen.de.<\/p>\n\n\n\n<p>Hessischer Datenschutzbeauftragter<br>Gustav-Stresemann-Ring 1<br>65189 Wiesbaden<br>Telefon: 0611 14080<br>Telefax: 0611 1408900<\/p>\n\n\n\n<p>Weitere Informationen gibt es auch im Internet unter www.datenschutz.hessen.de.<\/p>\n\n\n\n<div style=\"height:100px\" aria-hidden=\"true\" class=\"wp-block-spacer\"><\/div>\n","protected":false},"excerpt":{"rendered":"<p>Erl\u00e4uterungen zum DatenschutzF\u00fcr den F\u00f6rderverein Partnerschaft C.R. Kafountine ist der Datenschutz sehr wichtig. In der Gestaltung unserer Internetangebote und des Newsletters richten wir uns nach den Gesetzen. Wir m\u00f6chten Sie an dieser Stelle dar\u00fcber informieren, welche Daten w\u00e4hrend des Besuchs der Internetseite zu welchen Zwecken erhoben werden. Die Daten der Nutzerinnen und Nutzer der Internetseite [&hellip;]<\/p>\n","protected":false},"author":1,"featured_media":0,"parent":498,"menu_order":0,"comment_status":"closed","ping_status":"closed","template":"","meta":{"footnotes":""},"tags":[],"class_list":["post-502","page","type-page","status-publish","hentry"],"_links":{"self":[{"href":"https:\/\/kunja.de\/kafountine\/wp-json\/wp\/v2\/pages\/502","targetHints":{"allow":["GET"]}}],"collection":[{"href":"https:\/\/kunja.de\/kafountine\/wp-json\/wp\/v2\/pages"}],"about":[{"href":"https:\/\/kunja.de\/kafountine\/wp-json\/wp\/v2\/types\/page"}],"author":[{"embeddable":true,"href":"https:\/\/kunja.de\/kafountine\/wp-json\/wp\/v2\/users\/1"}],"replies":[{"embeddable":true,"href":"https:\/\/kunja.de\/kafountine\/wp-json\/wp\/v2\/comments?post=502"}],"version-history":[{"count":0,"href":"https:\/\/kunja.de\/kafountine\/wp-json\/wp\/v2\/pages\/502\/revisions"}],"up":[{"embeddable":true,"href":"https:\/\/kunja.de\/kafountine\/wp-json\/wp\/v2\/pages\/498"}],"wp:attachment":[{"href":"https:\/\/kunja.de\/kafountine\/wp-json\/wp\/v2\/media?parent=502"}],"wp:term":[{"taxonomy":"post_tag","embeddable":true,"href":"https:\/\/kunja.de\/kafountine\/wp-json\/wp\/v2\/tags?post=502"}],"curies":[{"name":"wp","href":"https:\/\/api.w.org\/{rel}","templated":true}]}}