{"id":512,"date":"2021-10-04T13:24:47","date_gmt":"2021-10-04T13:24:47","guid":{"rendered":"https:\/\/kunja.de\/kafountine\/?page_id=512"},"modified":"2021-11-05T10:47:27","modified_gmt":"2021-11-05T10:47:27","slug":"newsletter","status":"publish","type":"page","link":"https:\/\/kunja.de\/kafountine\/newsletter\/","title":{"rendered":"Newsletter"},"content":{"rendered":"\n<div style=\"padding:0\" class=\"wp-block-tnp-minimal\"><p>Mit unserem Newsletter bleiben Sie immer auf dem Laufenden. Sie erhalten Informationen in unregelm\u00e4\u00dfigen Abst\u00e4nden per E-Mail zugesendet. Wenn Sie den Newsletter abbestellen m\u00f6chten geht das nat\u00fcrlich ganz einfach mit wenigen Klicks!<br\/><\/p><div>[newsletter_form type=&#8220;minimal&#8220;]<\/div><\/div>\n\n\n\n<div style=\"height:100px\" aria-hidden=\"true\" class=\"wp-block-spacer\"><\/div>\n","protected":false},"excerpt":{"rendered":"","protected":false},"author":1,"featured_media":0,"parent":0,"menu_order":0,"comment_status":"closed","ping_status":"closed","template":"","meta":{"footnotes":""},"tags":[],"class_list":["post-512","page","type-page","status-publish","hentry"],"_links":{"self":[{"href":"https:\/\/kunja.de\/kafountine\/wp-json\/wp\/v2\/pages\/512","targetHints":{"allow":["GET"]}}],"collection":[{"href":"https:\/\/kunja.de\/kafountine\/wp-json\/wp\/v2\/pages"}],"about":[{"href":"https:\/\/kunja.de\/kafountine\/wp-json\/wp\/v2\/types\/page"}],"author":[{"embeddable":true,"href":"https:\/\/kunja.de\/kafountine\/wp-json\/wp\/v2\/users\/1"}],"replies":[{"embeddable":true,"href":"https:\/\/kunja.de\/kafountine\/wp-json\/wp\/v2\/comments?post=512"}],"version-history":[{"count":4,"href":"https:\/\/kunja.de\/kafountine\/wp-json\/wp\/v2\/pages\/512\/revisions"}],"predecessor-version":[{"id":1037,"href":"https:\/\/kunja.de\/kafountine\/wp-json\/wp\/v2\/pages\/512\/revisions\/1037"}],"wp:attachment":[{"href":"https:\/\/kunja.de\/kafountine\/wp-json\/wp\/v2\/media?parent=512"}],"wp:term":[{"taxonomy":"post_tag","embeddable":true,"href":"https:\/\/kunja.de\/kafountine\/wp-json\/wp\/v2\/tags?post=512"}],"curies":[{"name":"wp","href":"https:\/\/api.w.org\/{rel}","templated":true}]}}