{"id":612,"date":"2021-11-02T13:25:58","date_gmt":"2021-11-02T13:25:58","guid":{"rendered":"https:\/\/kunja.de\/kafountine\/?page_id=612"},"modified":"2025-11-30T17:49:10","modified_gmt":"2025-11-30T17:49:10","slug":"unser-motto","status":"publish","type":"page","link":"https:\/\/kunja.de\/kafountine\/unser-motto\/","title":{"rendered":"Unser Motto"},"content":{"rendered":"\n<h2 class=\"wp-block-heading\">Bildung vor Ort verf\u00fcgbar machen und eine bessere Zukunft mitgestalten!<\/h2>\n\n\n\n<p>Wir unterst\u00fctzen Arbeits- und Bildungsprojekte im s\u00fcdlichen Senegal. Auch Kinder \u00e4rmerer Familien brauchen die Chance, eine Schule zu besuchen. Wir kooperieren mit regionalen Initiativen, die vor Ort ins Leben gerufen wurden, um die Akzeptanz der gef\u00e4rderten Projekte in der Bev\u00f6lkerung sicher zu stellen.<br><br>Der Verein wurde gegr\u00fcndet mit der Absicht, durch kleine Projekte die Infrastruktur vor Ort zu verbessern. Am naheliegendsten war es, der Schule mit auf den Weg zu helfen. F\u00fcr die Kinder \u00e4rmerer Familien ist oft schon das Schulgeld ein Problem. Wenn dann im Umkreis von 80 Kilometern keine weiterf\u00fchrende Schule existiert, bedeutet das wieder Kosten, denn die Kinder m\u00fcssen bei Freunden oder Verwandten untergebracht werden. Oder sie gehen nicht zur Schule.<br><br>Die Region Kafountine bietet keine gro\u00dfen Einnahmem\u00f6glichkeiten. Der Tourismus ist gering, Handwerk wird schlecht bezahlt, kreative T\u00e4tigkeiten wie Musik werden meist unentgeltlich geleistet. Bildung ist hier die Chance.<br>Schreiben, Rechnen, Hygiene und Gesundheit sind wichtige Themen auf dem Stundenplan. Aber auch Sprachen sind wichtig. In der Casamance leben \u00fcber 15 Ethnien, von denen jede eine eigene Sprache spricht. Einige haben dieselben Wurzeln, andere nicht.<br><br>Insbesondere f\u00fcr M\u00e4dchen ist es ein entscheidender Vorteil, wenn sie in der Schule Franz\u00f6sich lernen. So k\u00f6nnen sie sich \u00fcber die Stammessprache hinaus verst\u00e4ndigen und am \u00f6ffentlichen Leben teilnehmen.<br><br>Deshalb engagieren wir uns f\u00fcr Schulprojekte in Kafountine.<\/p>\n\n\n\n<div style=\"height:100px\" aria-hidden=\"true\" class=\"wp-block-spacer\"><\/div>\n","protected":false},"excerpt":{"rendered":"<p>Bildung vor Ort verf\u00fcgbar machen und eine bessere Zukunft mitgestalten! Wir unterst\u00fctzen Arbeits- und Bildungsprojekte im s\u00fcdlichen Senegal. Auch Kinder \u00e4rmerer Familien brauchen die Chance, eine Schule zu besuchen. Wir kooperieren mit regionalen Initiativen, die vor Ort ins Leben gerufen wurden, um die Akzeptanz der gef\u00e4rderten Projekte in der Bev\u00f6lkerung sicher zu stellen. Der Verein [&hellip;]<\/p>\n","protected":false},"author":2,"featured_media":0,"parent":0,"menu_order":0,"comment_status":"closed","ping_status":"closed","template":"","meta":{"footnotes":""},"tags":[],"class_list":["post-612","page","type-page","status-publish","hentry"],"_links":{"self":[{"href":"https:\/\/kunja.de\/kafountine\/wp-json\/wp\/v2\/pages\/612","targetHints":{"allow":["GET"]}}],"collection":[{"href":"https:\/\/kunja.de\/kafountine\/wp-json\/wp\/v2\/pages"}],"about":[{"href":"https:\/\/kunja.de\/kafountine\/wp-json\/wp\/v2\/types\/page"}],"author":[{"embeddable":true,"href":"https:\/\/kunja.de\/kafountine\/wp-json\/wp\/v2\/users\/2"}],"replies":[{"embeddable":true,"href":"https:\/\/kunja.de\/kafountine\/wp-json\/wp\/v2\/comments?post=612"}],"version-history":[{"count":1,"href":"https:\/\/kunja.de\/kafountine\/wp-json\/wp\/v2\/pages\/612\/revisions"}],"predecessor-version":[{"id":1121,"href":"https:\/\/kunja.de\/kafountine\/wp-json\/wp\/v2\/pages\/612\/revisions\/1121"}],"wp:attachment":[{"href":"https:\/\/kunja.de\/kafountine\/wp-json\/wp\/v2\/media?parent=612"}],"wp:term":[{"taxonomy":"post_tag","embeddable":true,"href":"https:\/\/kunja.de\/kafountine\/wp-json\/wp\/v2\/tags?post=612"}],"curies":[{"name":"wp","href":"https:\/\/api.w.org\/{rel}","templated":true}]}}