{"id":615,"date":"2021-11-02T13:38:10","date_gmt":"2021-11-02T13:38:10","guid":{"rendered":"https:\/\/kunja.de\/kafountine\/?page_id=615"},"modified":"2023-08-15T18:01:28","modified_gmt":"2023-08-15T18:01:28","slug":"kleine-chronik","status":"publish","type":"page","link":"https:\/\/kunja.de\/kafountine\/kleine-chronik\/","title":{"rendered":"Kleine Chronik"},"content":{"rendered":"\n<p>Unsere Meilensteine in der Vereinsarbeit sind\u2026<\/p>\n\n\n\n<p><br><strong>2008<\/strong> <\/p>\n\n\n\n<ul class=\"wp-block-list\">\n<li>Erstmals steht das Opelbad f\u00fcr die Afrikanische Nacht zur Verf\u00fcgung, das Konzert wird ein dreit\u00e4giges Festival<br><\/li>\n\n\n\n<li>Einweihung der neuen Grundschule in Kafountine<\/li>\n<\/ul>\n\n\n\n<p><strong>2006 <\/strong><\/p>\n\n\n\n<p><\/p>\n\n\n\n<ul class=\"wp-block-list\">\n<li>Beginn der Spendensammlung zum Aufbau der Grundschule in Kafountine<\/li>\n<\/ul>\n\n\n\n<p><br><strong>2004<\/strong><\/p>\n\n\n\n<ul class=\"wp-block-list\">\n<li>Einweihung der Mittelschule in Kafountine<\/li>\n\n\n\n<li>Erste Kontakte zur Initiative f\u00fcr eine Handwerkerschule in Kafountine<\/li>\n<\/ul>\n\n\n\n<p><strong>2003 <\/strong><\/p>\n\n\n\n<ul class=\"wp-block-list\">\n<li>Baubeginn f\u00fcr die Mittelschule in Kafountine<br><\/li>\n<\/ul>\n\n\n\n<p><strong>2002<\/strong><\/p>\n\n\n\n<ul class=\"wp-block-list\">\n<li>Reise zum Bildungsministerium in Dakar, um die Verwaltungsh\u00fcrden endlich zu \u00fcberwinden<\/li>\n\n\n\n<li>erste &#8222;Afrikanische Nacht&#8220; in R\u00fcsselsheim<br><\/li>\n<\/ul>\n\n\n\n<p><strong>1999<\/strong><\/p>\n\n\n\n<ul class=\"wp-block-list\">\n<li>Gr\u00fcndung des Vereins mit Sitz in R\u00fcsselsheim<\/li>\n\n\n\n<li>Aufbau der Kontakte, um die Initiative f\u00fcr eine Mittelschule in Kafountine zu unterst\u00fctzen<\/li>\n<\/ul>\n\n\n\n<div style=\"height:100px\" aria-hidden=\"true\" class=\"wp-block-spacer\"><\/div>\n","protected":false},"excerpt":{"rendered":"<p>Unsere Meilensteine in der Vereinsarbeit sind\u2026 2008 2006 2004 2003 2002 1999<\/p>\n","protected":false},"author":1,"featured_media":0,"parent":0,"menu_order":0,"comment_status":"closed","ping_status":"closed","template":"","meta":{"footnotes":""},"tags":[],"class_list":["post-615","page","type-page","status-publish","hentry"],"_links":{"self":[{"href":"https:\/\/kunja.de\/kafountine\/wp-json\/wp\/v2\/pages\/615","targetHints":{"allow":["GET"]}}],"collection":[{"href":"https:\/\/kunja.de\/kafountine\/wp-json\/wp\/v2\/pages"}],"about":[{"href":"https:\/\/kunja.de\/kafountine\/wp-json\/wp\/v2\/types\/page"}],"author":[{"embeddable":true,"href":"https:\/\/kunja.de\/kafountine\/wp-json\/wp\/v2\/users\/1"}],"replies":[{"embeddable":true,"href":"https:\/\/kunja.de\/kafountine\/wp-json\/wp\/v2\/comments?post=615"}],"version-history":[{"count":3,"href":"https:\/\/kunja.de\/kafountine\/wp-json\/wp\/v2\/pages\/615\/revisions"}],"predecessor-version":[{"id":1005,"href":"https:\/\/kunja.de\/kafountine\/wp-json\/wp\/v2\/pages\/615\/revisions\/1005"}],"wp:attachment":[{"href":"https:\/\/kunja.de\/kafountine\/wp-json\/wp\/v2\/media?parent=615"}],"wp:term":[{"taxonomy":"post_tag","embeddable":true,"href":"https:\/\/kunja.de\/kafountine\/wp-json\/wp\/v2\/tags?post=615"}],"curies":[{"name":"wp","href":"https:\/\/api.w.org\/{rel}","templated":true}]}}