{"id":663,"date":"2021-11-03T08:48:06","date_gmt":"2021-11-03T08:48:06","guid":{"rendered":"https:\/\/kunja.de\/kafountine\/?page_id=663"},"modified":"2025-11-28T20:50:57","modified_gmt":"2025-11-28T20:50:57","slug":"projekte-des-vereins","status":"publish","type":"page","link":"https:\/\/kunja.de\/kafountine\/projekte-des-vereins\/","title":{"rendered":"Projekte des Vereins"},"content":{"rendered":"\n<h2 class=\"wp-block-heading\" id=\"risograph\">Risograph f\u00fcr die Realschule<\/h2>\n\n\n\n<p>Die Realschule ist inzwischen sehr gut besucht, hat aber kaum Geld f\u00fcr B\u00fccher und Lehrmittel. Der Verein half bei der Finanzierung eines Risographen, eines hochleistungsf\u00e4higen Kopier-Druckers. Die Lehrer der Mittelschule hatten in Erfahrung gebracht, dass Risographen leistungsf\u00e4hige Multifunktionsger\u00e4te sind, die beim Herstellen von Lehrmitteln gute Dienste leisten k\u00f6nnten. Sie fragten beim Verein um Unterst\u00fctzung an, der das Projekt grunds\u00e4tzlich bef\u00fcrwortete und eine Spende zusagte.<\/p>\n\n\n\n<div style=\"height:31px\" aria-hidden=\"true\" class=\"wp-block-spacer\"><\/div>\n\n\n\n<div class=\"wp-block-cover has-parallax\" style=\"background-image:url(https:\/\/kunja.de\/kafountine\/wp-content\/uploads\/2021\/11\/spende-kafountine.jpg);min-height:300px;aspect-ratio:unset;\"><div class=\"wp-block-cover__inner-container is-layout-flow wp-block-cover-is-layout-flow\">\n<p class=\"has-text-align-center has-large-font-size\"><\/p>\n<\/div><\/div>\n\n\n\n<div style=\"height:29px\" aria-hidden=\"true\" class=\"wp-block-spacer\"><\/div>\n\n\n\n<p>F\u00fcr uns war es wichtig, dass der Risograph nicht importiert, sondern im Land gekauft w\u00fcrde, damit die Wartung sicher gestellt ist. Die Vertreter der Mittelschule reisten im Januar 2010 nach Dakar, dort wurde das Ger\u00e4t f\u00fcr eine Gesamtbetrag von 4.500 Euro gekauft und einer von Ihnen als Techniker zur Wartung des Ger\u00e4tes ausgebildet.<br>Projektkosten 2010:<br><br>1.500 \u20ac &#8211; Eigenmittel der Schule<br>3.000 \u20ac &#8211; Spende des FVPK e.V.<br>200 \u20ac &#8211; Kosten f\u00fcr den Geldtrasfer \u00dcbernahm der FVPK e.V.<\/p>\n\n\n\n<hr class=\"wp-block-separator has-text-color has-background\" style=\"background-color:#ccff00;color:#ccff00\"\/>\n\n\n\n<h2 class=\"wp-block-heading\" id=\"grundschule\">Grundschule Kafountine<\/h2>\n\n\n\n<p>Seit 2006 engagiert sich der Verein f\u00fcr die Grundschule in Kafountine, die in diesem Jahr eingest\u00fcrzt war. Heute werden dort wieder rund tausend Sch\u00fclerinnen und Sch\u00fcler in 14 Klassenr\u00e4umen unterrichtet.<br><br>Die Grundschule umfasst die Jahrg\u00e4nge eins bis sechs (franz\u00f6sisches System). Da die R\u00e4ume f\u00fcr die insgesamt 4000 Kinder der Gemeinde immernoch knapp bemessen sind, betr\u00e4gt die Klassenst\u00e4rke meist 50 Kinder. Zwei Klassen m\u00fcssen sich einen Raum teilen, so dass ein halber Unterrichtstag pro Klasse bleibt. In einer Zweier-Schulbank sitzen 3-4 Sch\u00fclerInnen.<\/p>\n\n\n\n<div class=\"wp-block-cover has-parallax\" style=\"background-image:url(https:\/\/kunja.de\/kafountine\/wp-content\/uploads\/2021\/11\/spende-kafountine2.jpg);min-height:300px;aspect-ratio:unset;\"><div class=\"wp-block-cover__inner-container is-layout-flow wp-block-cover-is-layout-flow\">\n<p class=\"has-text-align-center has-large-font-size\"><\/p>\n<\/div><\/div>\n\n\n\n<p><br><br><strong>\u00c9cole 1<\/strong><br>Im Sommer 2006 erreichte den Verein die Nachricht, dass die Geb\u00e4ude der Grundschule in Kafountine eingest\u00fcrzt waren. Die Mauern waren in einheimischer Lehmbauweise errichtet gewesen. Sie hatten den heftigen St\u00fcrmen der Regenzeit nicht standgehalten und waren eingest\u00fcrzt. F\u00fcr die Grundsch\u00fcler zwischen sechs und zw\u00f6lf Jahren bedeutete dies, dass sie nicht mehr unterrichtet werden konnten.<\/p>\n\n\n\n<p>Der Verein beschloss, diesem Projekt den Vorrang einzur\u00e4umen. Kontakte wurden aktiviert und Spenden gesammelt. Die Katholische Landesjugendbewegung aus Paderborn spendete dem Verein rund 15.000 Euro, die zusammen mit den Eigenmitteln \u00fcbergeben werden konnten.<br><br>Zwei Mitglieder des Vereins, Yao Diabang und Monika Henrich, \u00fcbergaben pers\u00f6nlich das Geld an die Schulleitung in Kafountine. Sie \u00fcberwachten gemeinsam die Bauarbeiten vor Ort und nach zwei Monaten war der Schulbau neu errichtet.<br>2006 &#8211; Mobilisierung der Mittel<br>2007 &#8211; Errichtung der Schulgeb\u00e4ude, Fertigstellung der Klassenr\u00e4ume, Aussenputz und -anstrich<br>2008 &#8211; Wiedereinrichtung und Aufnahme des Schulbetriebs, Einweihung zusammen mit den Vertretern der FVPK e.V.<br>Kooperationspartner:<br>15.204 Euro &#8211; Katholische Landesjugendbewegung Paderborn (KLJB)<br>1.000 Euro &#8211; F\u00f6rderverein Partnerschaft Kafountine eV<br>2009:<br>9.445 Euro &#8211; Katholische Landesjugendbewegung Paderborn (KLJB)<br>200 Euro &#8211; FVPK eV f\u00fcr Kosten des Geldtransfers und Verhandlung \u00fcber die Mittelverwendung<br><br><strong>\u00c9cole 2<\/strong><br><br>2009 &#8211; Kafountine hat inzwischen so viele Kinder, dass eine zweite Grundschule entstanden ist.<br>2010 &#8211; Die KLJB Paderborn spendet erneut 9445 Euro und wir transferierten den Betrag. Die Organisatoren schafften es, aus dem Betrag zwei Klassenr\u00e4ume zu bauen. Dem zweiten Klassenraum fehlt nur noch Innenputz und Mobilar.<br>M\u00f6chten Sie mehr \u00fcber dieses Projekt wissen, dann nehmen Sie Kontakt zu uns auf.<br><br>Ihr Ansprechpartner: Yao Diabang<\/p>\n\n\n\n<hr class=\"wp-block-separator has-text-color has-background\" style=\"background-color:#ccff00;color:#ccff00\"\/>\n\n\n\n<h2 class=\"wp-block-heading\" id=\"handwerkerschule\">Handwerkerschule Kafountine<\/h2>\n\n\n\n<p>Nachdem es in Kafountine bereits eine Ausbildungsst\u00e4tte f\u00fcr M\u00e4dchen gibt, das Satang Diabang, unterst\u00fctzte der Verein das Vorhaben, eine Handwerkerschule f\u00fcr Jungen zu gr\u00fcnden. Das Projekt befindet sich in der Aufbauphase. Wir haben ein Grundst\u00fcck gekauft, es eingez\u00e4unt und einen Brunnen gebaut.<\/p>\n\n\n\n<p>Die &#8222;amis de la nature&#8220;, die in Kafountine eine kleine Baumschule betreiben und durch ihre \u00f6kologische Arbeit bereits anerkannt sind, hatten den Plan, die Baumschule zu einer Handwerkerschule ausbauen. Altes Wissen &#8211; wie das Gebot, f\u00fcr jeden gef\u00e4llten Baum einen neuen zu pflanzen &#8211; sollen wieder gelehrt und gelebt werden. Denn die unkontrollierte Abholzung aufgrund wirtschaftlicher Interessen hat bereits zur Versteppung in weiten Teilen Senegals und Gambias gef\u00fchrt.<br><br>Langfristig sollte sich das Projekt tragen durch den Verkauf der erzeugten Produkte, Dienstleistung und Know How \u00fcber nachhaltiges Wirtschaften. Gemeinsam erwarben wir ein Grundst\u00fcck. Wir haben es eingez\u00e4unt und einen Brunnen gebaut.<br>Die &#8222;amis de la nature&#8220; erstellten in Kafountine einen Kostenplan und leiteten ihn an uns weiter. Wir wollten die M\u00f6glichkeit nutzen, \u00fcber das BMZ (Bundesministerium f\u00fcr wirtschaftliche Zusammenarbeit und Entwicklung) F\u00f6rdermittel zu beantragen. Die F\u00f6rdergelder sollten helfen, die Bausumme zu finanzieren. Die Beratungsstelle &#8222;BENGO&#8220; (unter Tr\u00e4gerschaft des DPWV) ber\u00e4t Organisationen bei ihrer Formulierung von F\u00f6rderantr\u00e4gen ans BMZ. BENGO \u00fcberpr\u00fcfte die eingereichten Unterlagen und wir erhielten wertvolle Tipps zur \u00dcberarbeitung des Antrags und insbesondere des Kostenplans.<br><br>Derzeit warten wir darauf, dass die Nachbesserungen am Kostenplan von den &#8222;amis de la nature&#8220; in Kafountine umgesetzt werden. Wenn dies erfolgt ist, haben wir die Chance, die Spenden des Vereins als Eigenmittel (20 %) einzusetzen und damit eine Projektf\u00f6rderung (80 %) \u00fcber das BMZ zu erhalten.<\/p>\n\n\n\n<p>2004 &#8211; Grundst\u00fcckst\u00fcckserwerb<\/p>\n\n\n\n<ul class=\"wp-block-list\"><li>675 Euro &#8211; FVPK eV (90 % der Kaufsumme)<\/li><li>75 Euro &#8211; &#8222;amis de la nature&#8220; (10 % der Kaufsumme)<\/li><li>1.000 Euro &#8211; Umz\u00e4unung und Brunnenbau<\/li><\/ul>\n\n\n\n<p>2006 &#8211; Vorbereitung des F\u00f6rdermittelantrags an das BMZ<\/p>\n\n\n\n<p>M\u00f6chten Sie mehr \u00fcber dieses Projekt wissen, dann nehmen Sie Kontakt zu uns auf.<br><br>Ihre Ansprechpartnerin: Monika Henrich<\/p>\n\n\n\n<div style=\"height:100px\" aria-hidden=\"true\" class=\"wp-block-spacer\"><\/div>\n","protected":false},"excerpt":{"rendered":"<p>Risograph f\u00fcr die Realschule Die Realschule ist inzwischen sehr gut besucht, hat aber kaum Geld f\u00fcr B\u00fccher und Lehrmittel. Der Verein half bei der Finanzierung eines Risographen, eines hochleistungsf\u00e4higen Kopier-Druckers. Die Lehrer der Mittelschule hatten in Erfahrung gebracht, dass Risographen leistungsf\u00e4hige Multifunktionsger\u00e4te sind, die beim Herstellen von Lehrmitteln gute Dienste leisten k\u00f6nnten. Sie fragten beim [&hellip;]<\/p>\n","protected":false},"author":1,"featured_media":0,"parent":0,"menu_order":0,"comment_status":"closed","ping_status":"closed","template":"","meta":{"footnotes":""},"tags":[],"class_list":["post-663","page","type-page","status-publish","hentry"],"_links":{"self":[{"href":"https:\/\/kunja.de\/kafountine\/wp-json\/wp\/v2\/pages\/663","targetHints":{"allow":["GET"]}}],"collection":[{"href":"https:\/\/kunja.de\/kafountine\/wp-json\/wp\/v2\/pages"}],"about":[{"href":"https:\/\/kunja.de\/kafountine\/wp-json\/wp\/v2\/types\/page"}],"author":[{"embeddable":true,"href":"https:\/\/kunja.de\/kafountine\/wp-json\/wp\/v2\/users\/1"}],"replies":[{"embeddable":true,"href":"https:\/\/kunja.de\/kafountine\/wp-json\/wp\/v2\/comments?post=663"}],"version-history":[{"count":14,"href":"https:\/\/kunja.de\/kafountine\/wp-json\/wp\/v2\/pages\/663\/revisions"}],"predecessor-version":[{"id":800,"href":"https:\/\/kunja.de\/kafountine\/wp-json\/wp\/v2\/pages\/663\/revisions\/800"}],"wp:attachment":[{"href":"https:\/\/kunja.de\/kafountine\/wp-json\/wp\/v2\/media?parent=663"}],"wp:term":[{"taxonomy":"post_tag","embeddable":true,"href":"https:\/\/kunja.de\/kafountine\/wp-json\/wp\/v2\/tags?post=663"}],"curies":[{"name":"wp","href":"https:\/\/api.w.org\/{rel}","templated":true}]}}