{"id":685,"date":"2021-11-03T12:43:45","date_gmt":"2021-11-03T12:43:45","guid":{"rendered":"https:\/\/kunja.de\/kafountine\/?page_id=685"},"modified":"2025-07-15T04:50:01","modified_gmt":"2025-07-15T04:50:01","slug":"angebote","status":"publish","type":"page","link":"https:\/\/kunja.de\/kafountine\/angebote\/","title":{"rendered":"Angebote"},"content":{"rendered":"\n<h2 class=\"wp-block-heading\" id=\"nacht\">Afrikanische Nacht 2025<\/h2>\n\n\n\n<p>findet am Samstag, den 19. Juli 2025 im Rahmen von &#8222;Kultur im Sommer 2025&#8220; von Kultur123 der Stadt R\u00fcsselsheim a.M. im Waldschwimmbad R\u00fcsselsheim ab 19:00 Uhr (Kindernachmittag: 15:00) statt.<\/p>\n\n\n\n<div data-wp-interactive=\"core\/file\" class=\"wp-block-file\"><object data-wp-bind--hidden=\"!state.hasPdfPreview\" hidden class=\"wp-block-file__embed\" data=\"https:\/\/kunja.de\/kafountine\/wp-content\/uploads\/2025\/07\/Plakat_Afrika-A1-2025.pdf\" type=\"application\/pdf\" style=\"width:100%;height:600px\" aria-label=\"Einbettung von Plakat_Afrika-A1-2025.\"><\/object><a id=\"wp-block-file--media-34176cd7-0d61-456a-8651-ea6c9c40496c\" href=\"https:\/\/kunja.de\/kafountine\/wp-content\/uploads\/2025\/07\/Plakat_Afrika-A1-2025.pdf\">Plakat_Afrika-A1-2025<\/a><a href=\"https:\/\/kunja.de\/kafountine\/wp-content\/uploads\/2025\/07\/Plakat_Afrika-A1-2025.pdf\" class=\"wp-block-file__button wp-element-button\" download aria-describedby=\"wp-block-file--media-34176cd7-0d61-456a-8651-ea6c9c40496c\">Herunterladen<\/a><\/div>\n\n\n\n<figure class=\"wp-block-image size-large\"><img loading=\"lazy\" decoding=\"async\" width=\"1024\" height=\"576\" src=\"https:\/\/kunja.de\/kafountine\/wp-content\/uploads\/2024\/06\/Bild-Kasso-de-la-Nature-1024x576.jpg\" alt=\"\" class=\"wp-image-1081\" srcset=\"https:\/\/kunja.de\/kafountine\/wp-content\/uploads\/2024\/06\/Bild-Kasso-de-la-Nature-1024x576.jpg 1024w, https:\/\/kunja.de\/kafountine\/wp-content\/uploads\/2024\/06\/Bild-Kasso-de-la-Nature-300x169.jpg 300w, https:\/\/kunja.de\/kafountine\/wp-content\/uploads\/2024\/06\/Bild-Kasso-de-la-Nature-768x432.jpg 768w, https:\/\/kunja.de\/kafountine\/wp-content\/uploads\/2024\/06\/Bild-Kasso-de-la-Nature-1536x864.jpg 1536w, https:\/\/kunja.de\/kafountine\/wp-content\/uploads\/2024\/06\/Bild-Kasso-de-la-Nature.jpg 1600w\" sizes=\"auto, (max-width: 1024px) 100vw, 1024px\" \/><\/figure>\n\n\n\n<div class=\"wp-block-columns is-layout-flex wp-container-core-columns-is-layout-9d6595d7 wp-block-columns-is-layout-flex\">\n<div class=\"wp-block-column is-layout-flow wp-block-column-is-layout-flow\">\n<figure class=\"wp-block-embed is-type-video is-provider-youtube wp-block-embed-youtube wp-embed-aspect-4-3 wp-has-aspect-ratio\"><div class=\"wp-block-embed__wrapper\">\n<iframe loading=\"lazy\" title=\"Afrikanische Nacht in R\u00fcsselsheim - Paul Diassy - Casamance Party\" width=\"640\" height=\"480\" src=\"https:\/\/www.youtube.com\/embed\/42AIm5805Kk?feature=oembed\" frameborder=\"0\" allow=\"accelerometer; autoplay; clipboard-write; encrypted-media; gyroscope; picture-in-picture; web-share\" referrerpolicy=\"strict-origin-when-cross-origin\" allowfullscreen><\/iframe>\n<\/div><\/figure>\n<\/div>\n\n\n\n<div class=\"wp-block-column is-layout-flow wp-block-column-is-layout-flow\">\n<figure class=\"wp-block-embed is-type-video is-provider-youtube wp-block-embed-youtube wp-embed-aspect-16-9 wp-has-aspect-ratio\"><div class=\"wp-block-embed__wrapper\">\n<iframe loading=\"lazy\" title=\"afrika&amp;pele - Afrikanische Nacht \/ Pele Caster &amp; Band\" width=\"640\" height=\"360\" src=\"https:\/\/www.youtube.com\/embed\/bpeU1F_LJeE?feature=oembed\" frameborder=\"0\" allow=\"accelerometer; autoplay; clipboard-write; encrypted-media; gyroscope; picture-in-picture; web-share\" referrerpolicy=\"strict-origin-when-cross-origin\" allowfullscreen><\/iframe>\n<\/div><\/figure>\n<\/div>\n\n\n\n<div class=\"wp-block-column is-layout-flow wp-block-column-is-layout-flow\">\n<figure class=\"wp-block-embed is-type-video is-provider-youtube wp-block-embed-youtube wp-embed-aspect-4-3 wp-has-aspect-ratio\"><div class=\"wp-block-embed__wrapper\">\n<iframe loading=\"lazy\" title=\"Mama Afrika I *R\u00fcsselsheim Afrikanische Nacht 2013\" width=\"640\" height=\"480\" src=\"https:\/\/www.youtube.com\/embed\/SfjIonJLgdg?feature=oembed\" frameborder=\"0\" allow=\"accelerometer; autoplay; clipboard-write; encrypted-media; gyroscope; picture-in-picture; web-share\" referrerpolicy=\"strict-origin-when-cross-origin\" allowfullscreen><\/iframe>\n<\/div><\/figure>\n<\/div>\n<\/div>\n\n\n\n<p>Mittelpunkt des Vereinsjahres ist die Afrikanische Nacht in R\u00fcsselsheim. Das Konzert am Samstagabend ist der H\u00f6hepunkt, aber die Stimmung h\u00e4lt das ganze Wochenende. Der Gewinn aus Essen- und Getr\u00e4nkeverkauf entscheidet dar\u00fcber, mit welchem Betrag wir unsere Projekte in diesem Jahr unterst\u00fctzen k\u00f6nnen.<br><br>Jedes Jahr zu Beginn der Sommerferien &#8211; seit 2002 &#8211; steigt die Afrikanische Nacht in R\u00fcsselsheim. Es ist ein Fest, auf das sich die afrikanischen Freunde des Vereins ebenso freuen wie die Kollegen, Partner, Freunde aus Deutschland.<br>Enger Partner der Veranstaltung ist die Stadt R\u00fcsselsheim mit ihrem Programm &#8222;Kultur im Sommer&#8220;. <br>Insbesondere die Freunde, die von Kafountine in die verschiedensten L\u00e4nder Europas gezogen sind, treffen sich inzwischen jedes Jahr einmal in Deutschland, um zusammen Musik zu machen. Es hat sich einfach so ergeben und es ist toll, dass es immer wieder klappt.<\/p>\n\n\n\n<p>Viele von ihnen haben im Senegal schon Musik gemacht und arbeiten auch in Europa als Musiker(innen) und Tanzer(innen). Sie haben die gleiche Tradition und erwecken sie gemeinsam in diesen Tagen wieder zum Leben.<br>Auf der einen Seite ist es ein Wiedersehensfest zum Kontakte kn\u00fcpfen, Freunde treffen, Musik genie\u00dfen &#8211; aber es hat nat\u00fcrlich auch den Zweck, Geld f\u00fcr unsere Projekte zu sammeln. <br><br>Die Vereinsmitglieder organisieren den Essen- und Getr\u00e4nkeverkauf, Kochen und Backen f\u00fcrs Buffet. <br>M\u00f6chten Sie mehr wissen? Dann nehmen Sie Kontakt zu uns auf.<br><br>Ansprechpartner: Anna Paluszewski<\/p>\n\n\n\n\n\n<p>M\u00f6chten Sie Ihre G\u00e4ste mit afrikanischen Gerichten begeistern? Dann nehmen Sie Kontakt zu uns auf &#8211; wir kochen f\u00fcr Sie! Um unsere Hilfprojekte mit Geld zu unterst\u00fctzen, sammeln wir Spenden. Das tun wir beispielsweise, indem wir f\u00fcr Sie kochen.<br><br>Wer einmal Maff\u00e9 probiert hat, ist von der Erdnuss-So\u00dfe mit leichter Chilinote begeistert. Yassa, Schebudjen (oder wie auch immer man es schreibt) mit Reis sind herrliche warme Gerichte, die man mit Fleisch oder Fisch zubereitet. Als s\u00fc\u00dfe Verf\u00fchrung gibt es Baignets &#8211; eine Art Fettgebackenes.<br><br>Die Speisen sind f\u00fcr Feiern, Parties, f\u00fcr drinnen und drau\u00dfen geeignet. Wenn wir f\u00fcr Sie kochen d\u00fcrfen, kommt der Erl\u00f6s unserem Engagement in der Gemeinde Kafountine zugute.<br><br>Ansprechpartner: Anna Paluszewski<\/p>\n\n\n\n<hr class=\"wp-block-separator has-text-color has-css-opacity has-background\" style=\"background-color:#ccff00;color:#ccff00\"\/>\n\n\n\n<hr class=\"wp-block-separator has-text-color has-css-opacity has-background\" style=\"background-color:#ccff00;color:#ccff00\"\/>\n\n\n\n<h2 class=\"wp-block-heading\" id=\"kochen\">Kochen f\u00fcr den guten Zweck<\/h2>\n\n\n\n<h2 class=\"wp-block-heading\" id=\"reiseinfos\">Informieren Sie sich \u00fcber den S\u00fcden Senegals<\/h2>\n\n\n\n<p>Sie m\u00f6chten in den Senegal reisen und suchen aktuelle Informationen \u00fcber die Casamance, \u00fcber Land und Leute? Dann fragen Sie uns! Sie suchen Informationen \u00fcber:<\/p>\n\n\n\n<ul class=\"wp-block-list\">\n<li>Campements und Hotels<\/li>\n\n\n\n<li>Sehensw\u00fcrdigkeiten<\/li>\n\n\n\n<li>Reisegep\u00e4ck<\/li>\n\n\n\n<li>Wetter und Reisezeiten<\/li>\n\n\n\n<li>Preise und Wechselkurse<\/li>\n\n\n\n<li>Tanz- und Trommelkurse vor Ort<\/li>\n\n\n\n<li>Kontakte und Begleiter vor Ort<br><br>\u2026oder einfach \u00fcber Land und Leute? Dann fragen Sie uns. Wir helfen Ihnen weiter &#8211; oder wir kennen einen, der einen kennt, der das kennt \u2026<br><br>Ansprechpartner: Anna Paluszewski<\/li>\n<\/ul>\n\n\n\n<hr class=\"wp-block-separator has-text-color has-css-opacity has-background\" style=\"background-color:#ccff00;color:#ccff00\"\/>\n\n\n\n<div style=\"height:100px\" aria-hidden=\"true\" class=\"wp-block-spacer\"><\/div>\n\n\n\n\n\n\n\n\n\n\n\n\n\n<figure class=\"wp-block-image\"><img decoding=\"async\" src=\"https:\/\/kunja.de\/kafountine\/wp-content\/uploads\/2024\/06\/ad8e72fe-b712-4199-941e-9bae23c6ce99.jpg\" alt=\"\" class=\"wp-image-1083\"\/><figcaption class=\"wp-element-caption\">ad8e72fe-b712-4199-941e-9bae23c6ce99.jpg<\/figcaption><\/figure>\n\n\n\n\n\n\n\n<div class=\"wp-block-media-text alignwide is-stacked-on-mobile\"><figure class=\"wp-block-media-text__media\"><\/figure><div class=\"wp-block-media-text__content\">\n<p><\/p>\n<\/div><\/div>\n\n\n\n<blockquote class=\"wp-block-quote is-layout-flow wp-block-quote-is-layout-flow\">\n<p><\/p>\n<\/blockquote>\n","protected":false},"excerpt":{"rendered":"<p>Afrikanische Nacht 2025 findet am Samstag, den 19. Juli 2025 im Rahmen von &#8222;Kultur im Sommer 2025&#8220; von Kultur123 der Stadt R\u00fcsselsheim a.M. im Waldschwimmbad R\u00fcsselsheim ab 19:00 Uhr (Kindernachmittag: 15:00) statt. Mittelpunkt des Vereinsjahres ist die Afrikanische Nacht in R\u00fcsselsheim. Das Konzert am Samstagabend ist der H\u00f6hepunkt, aber die Stimmung h\u00e4lt das ganze Wochenende. [&hellip;]<\/p>\n","protected":false},"author":1,"featured_media":0,"parent":0,"menu_order":0,"comment_status":"closed","ping_status":"closed","template":"","meta":{"footnotes":""},"tags":[],"class_list":["post-685","page","type-page","status-publish","hentry"],"_links":{"self":[{"href":"https:\/\/kunja.de\/kafountine\/wp-json\/wp\/v2\/pages\/685","targetHints":{"allow":["GET"]}}],"collection":[{"href":"https:\/\/kunja.de\/kafountine\/wp-json\/wp\/v2\/pages"}],"about":[{"href":"https:\/\/kunja.de\/kafountine\/wp-json\/wp\/v2\/types\/page"}],"author":[{"embeddable":true,"href":"https:\/\/kunja.de\/kafountine\/wp-json\/wp\/v2\/users\/1"}],"replies":[{"embeddable":true,"href":"https:\/\/kunja.de\/kafountine\/wp-json\/wp\/v2\/comments?post=685"}],"version-history":[{"count":26,"href":"https:\/\/kunja.de\/kafountine\/wp-json\/wp\/v2\/pages\/685\/revisions"}],"predecessor-version":[{"id":1103,"href":"https:\/\/kunja.de\/kafountine\/wp-json\/wp\/v2\/pages\/685\/revisions\/1103"}],"wp:attachment":[{"href":"https:\/\/kunja.de\/kafountine\/wp-json\/wp\/v2\/media?parent=685"}],"wp:term":[{"taxonomy":"post_tag","embeddable":true,"href":"https:\/\/kunja.de\/kafountine\/wp-json\/wp\/v2\/tags?post=685"}],"curies":[{"name":"wp","href":"https:\/\/api.w.org\/{rel}","templated":true}]}}