{"id":733,"date":"2021-11-04T13:21:25","date_gmt":"2021-11-04T13:21:25","guid":{"rendered":"https:\/\/kunja.de\/kafountine\/?page_id=733"},"modified":"2021-11-04T13:23:11","modified_gmt":"2021-11-04T13:23:11","slug":"bewegte-bilder","status":"publish","type":"page","link":"https:\/\/kunja.de\/kafountine\/bewegte-bilder\/","title":{"rendered":"Bewegte Bilder"},"content":{"rendered":"\n<h2 class=\"wp-block-heading\">Bilder sagen mehr als 1000 Worte<\/h2>\n\n\n\n<p>Hier finden Sie einige Youtube-Links \u00fcber Kafountine, Senegal allgemein und \u00fcber Veranstaltungen.<\/p>\n\n\n\n<div style=\"height:31px\" aria-hidden=\"true\" class=\"wp-block-spacer\"><\/div>\n\n\n\n<div class=\"wp-block-columns is-layout-flex wp-container-core-columns-is-layout-9d6595d7 wp-block-columns-is-layout-flex\">\n<div class=\"wp-block-column is-layout-flow wp-block-column-is-layout-flow\">\n<figure class=\"wp-block-embed is-type-video is-provider-youtube wp-block-embed-youtube wp-embed-aspect-4-3 wp-has-aspect-ratio\"><div class=\"wp-block-embed__wrapper\">\n<iframe loading=\"lazy\" title=\"Kafountine 2004 - Carnaval de la Paix\" width=\"640\" height=\"480\" src=\"https:\/\/www.youtube.com\/embed\/J1d7sWKmpuE?feature=oembed\" frameborder=\"0\" allow=\"accelerometer; autoplay; clipboard-write; encrypted-media; gyroscope; picture-in-picture; web-share\" referrerpolicy=\"strict-origin-when-cross-origin\" allowfullscreen><\/iframe>\n<\/div><\/figure>\n<\/div>\n\n\n\n<div class=\"wp-block-column is-layout-flow wp-block-column-is-layout-flow\">\n<figure class=\"wp-block-embed is-type-video is-provider-youtube wp-block-embed-youtube wp-embed-aspect-16-9 wp-has-aspect-ratio\"><div class=\"wp-block-embed__wrapper\">\n<iframe loading=\"lazy\" title=\"La danse du Kumpo \u00e0 Enampor,Casamance ,S\u00e9n\u00e9gal\" width=\"640\" height=\"360\" src=\"https:\/\/www.youtube.com\/embed\/A-k8t3eFyA0?feature=oembed\" frameborder=\"0\" allow=\"accelerometer; autoplay; clipboard-write; encrypted-media; gyroscope; picture-in-picture; web-share\" referrerpolicy=\"strict-origin-when-cross-origin\" allowfullscreen><\/iframe>\n<\/div><\/figure>\n<\/div>\n\n\n\n<div class=\"wp-block-column is-layout-flow wp-block-column-is-layout-flow\">\n<figure class=\"wp-block-embed is-type-video is-provider-youtube wp-block-embed-youtube wp-embed-aspect-4-3 wp-has-aspect-ratio\"><div class=\"wp-block-embed__wrapper\">\n<iframe loading=\"lazy\" title=\"Afrodance Workshop am Strand - Kafountine, Senegal -Teil 1\" width=\"640\" height=\"480\" src=\"https:\/\/www.youtube.com\/embed\/ylQ4zcYHkTQ?feature=oembed\" frameborder=\"0\" allow=\"accelerometer; autoplay; clipboard-write; encrypted-media; gyroscope; picture-in-picture; web-share\" referrerpolicy=\"strict-origin-when-cross-origin\" allowfullscreen><\/iframe>\n<\/div><\/figure>\n<\/div>\n<\/div>\n\n\n\n<div class=\"wp-block-columns is-layout-flex wp-container-core-columns-is-layout-9d6595d7 wp-block-columns-is-layout-flex\">\n<div class=\"wp-block-column is-layout-flow wp-block-column-is-layout-flow\">\n<figure class=\"wp-block-embed is-type-video is-provider-youtube wp-block-embed-youtube wp-embed-aspect-16-9 wp-has-aspect-ratio\"><div class=\"wp-block-embed__wrapper\">\nhttps:\/\/www.youtube.com\/watch?v=xMZhXvcsQ_4\n<\/div><\/figure>\n<\/div>\n\n\n\n<div class=\"wp-block-column is-layout-flow wp-block-column-is-layout-flow\">\n<figure class=\"wp-block-embed is-type-video is-provider-youtube wp-block-embed-youtube wp-embed-aspect-16-9 wp-has-aspect-ratio\"><div class=\"wp-block-embed__wrapper\">\n<iframe loading=\"lazy\" title=\"KAFOUNTINE. Activit\u00e9s des p\u00eacheurs dans le port\" width=\"640\" height=\"360\" src=\"https:\/\/www.youtube.com\/embed\/vM0y6KpHPYk?feature=oembed\" frameborder=\"0\" allow=\"accelerometer; autoplay; clipboard-write; encrypted-media; gyroscope; picture-in-picture; web-share\" referrerpolicy=\"strict-origin-when-cross-origin\" allowfullscreen><\/iframe>\n<\/div><\/figure>\n<\/div>\n\n\n\n<div class=\"wp-block-column is-layout-flow wp-block-column-is-layout-flow\">\n<figure class=\"wp-block-embed is-type-video is-provider-youtube wp-block-embed-youtube wp-embed-aspect-16-9 wp-has-aspect-ratio\"><div class=\"wp-block-embed__wrapper\">\n<iframe loading=\"lazy\" title=\"balade par v\u00e9lo \u00e0 kafountine - Casamance 2021  - paseo en bicicleta en kafountine - Casamance 2021\" width=\"640\" height=\"360\" src=\"https:\/\/www.youtube.com\/embed\/hptZK5FbhhQ?feature=oembed\" frameborder=\"0\" allow=\"accelerometer; autoplay; clipboard-write; encrypted-media; gyroscope; picture-in-picture; web-share\" referrerpolicy=\"strict-origin-when-cross-origin\" allowfullscreen><\/iframe>\n<\/div><\/figure>\n<\/div>\n<\/div>\n\n\n\n<div style=\"height:100px\" aria-hidden=\"true\" class=\"wp-block-spacer\"><\/div>\n","protected":false},"excerpt":{"rendered":"<p>Bilder sagen mehr als 1000 Worte Hier finden Sie einige Youtube-Links \u00fcber Kafountine, Senegal allgemein und \u00fcber Veranstaltungen.<\/p>\n","protected":false},"author":1,"featured_media":0,"parent":0,"menu_order":0,"comment_status":"closed","ping_status":"closed","template":"","meta":{"footnotes":""},"tags":[],"class_list":["post-733","page","type-page","status-publish","hentry"],"_links":{"self":[{"href":"https:\/\/kunja.de\/kafountine\/wp-json\/wp\/v2\/pages\/733","targetHints":{"allow":["GET"]}}],"collection":[{"href":"https:\/\/kunja.de\/kafountine\/wp-json\/wp\/v2\/pages"}],"about":[{"href":"https:\/\/kunja.de\/kafountine\/wp-json\/wp\/v2\/types\/page"}],"author":[{"embeddable":true,"href":"https:\/\/kunja.de\/kafountine\/wp-json\/wp\/v2\/users\/1"}],"replies":[{"embeddable":true,"href":"https:\/\/kunja.de\/kafountine\/wp-json\/wp\/v2\/comments?post=733"}],"version-history":[{"count":3,"href":"https:\/\/kunja.de\/kafountine\/wp-json\/wp\/v2\/pages\/733\/revisions"}],"predecessor-version":[{"id":737,"href":"https:\/\/kunja.de\/kafountine\/wp-json\/wp\/v2\/pages\/733\/revisions\/737"}],"wp:attachment":[{"href":"https:\/\/kunja.de\/kafountine\/wp-json\/wp\/v2\/media?parent=733"}],"wp:term":[{"taxonomy":"post_tag","embeddable":true,"href":"https:\/\/kunja.de\/kafountine\/wp-json\/wp\/v2\/tags?post=733"}],"curies":[{"name":"wp","href":"https:\/\/api.w.org\/{rel}","templated":true}]}}